{"id":4527,"date":"2023-04-06T23:22:37","date_gmt":"2023-04-06T23:22:37","guid":{"rendered":"https:\/\/boogie.qodeinteractive.com\/?page_id=4527"},"modified":"2025-04-03T12:02:50","modified_gmt":"2025-04-03T09:02:50","slug":"contact-us","status":"publish","type":"page","link":"https:\/\/rsq.marketing\/ro\/contact-us\/","title":{"rendered":"Contact Us"},"content":{"rendered":"\t\t<div data-elementor-type=\"wp-page\" data-elementor-id=\"4527\" class=\"elementor elementor-4527\">\n\t\t\t\t\t\t<section class=\"has_eae_slider elementor-section elementor-top-section elementor-element elementor-element-6157979 elementor-section-full_width elementor-reverse-tablet elementor-reverse-mobile elementor-section-height-default elementor-section-height-default qodef-custom-section--no qodef-sticky-section--no\" data-id=\"6157979\" data-element_type=\"section\">\n\t\t\t\t\t\t<div class=\"elementor-container elementor-column-gap-no\">\n\t\t\t\t\t<div class=\"has_eae_slider elementor-column elementor-col-50 elementor-top-column elementor-element elementor-element-e3b25f1\" data-id=\"e3b25f1\" data-element_type=\"column\">\n\t\t\t<div class=\"elementor-widget-wrap elementor-element-populated\">\n\t\t\t\t\t\t<div class=\"elementor-element elementor-element-a94bba2 elementor-widget elementor-widget-boogie_core_section_title\" data-id=\"a94bba2\" data-element_type=\"widget\" data-widget_type=\"boogie_core_section_title.default\">\n\t\t\t\t<div class=\"elementor-widget-container\">\n\t\t\t\t\t<div class=\"qodef-shortcode qodef-m  qodef-section-title qodef-alignment--left \">\n\t\t<div class=\"qodef-m-title qodef-h1\" >\n\t\tDezvolt\u0103m Branduri, Cre\u0103m Mo\u0219teniri\t<\/div>\n\t<\/div>\n\t\t\t\t<\/div>\n\t\t\t\t<\/div>\n\t\t\t\t<div class=\"elementor-element elementor-element-9579848 elementor-widget__width-initial elementor-widget elementor-widget-text-editor\" data-id=\"9579848\" data-element_type=\"widget\" data-widget_type=\"text-editor.default\">\n\t\t\t\t<div class=\"elementor-widget-container\">\n\t\t\t\t\t\t\t\t\t<h6><span style=\"font-weight: 400;\">Creativitatea f\u0103r\u0103 limite &#8211; esen\u021ba agen\u021biei noastre. <\/span><\/h6>\t\t\t\t\t\t\t\t<\/div>\n\t\t\t\t<\/div>\n\t\t\t\t<div class=\"elementor-element elementor-element-f382b03 elementor-widget elementor-widget-text-editor\" data-id=\"f382b03\" data-element_type=\"widget\" data-widget_type=\"text-editor.default\">\n\t\t\t\t<div class=\"elementor-widget-container\">\n\t\t\t\t\t\t\t\t\t<h6>transmite un mesaj<\/h6>\t\t\t\t\t\t\t\t<\/div>\n\t\t\t\t<\/div>\n\t\t\t\t<div class=\"elementor-element elementor-element-3c14743 elementor-widget elementor-widget-boogie_core_single_image\" data-id=\"3c14743\" data-element_type=\"widget\" data-widget_type=\"boogie_core_single_image.default\">\n\t\t\t\t<div class=\"elementor-widget-container\">\n\t\t\t\t\t<div class=\"qodef-shortcode qodef-m  qodef-single-image qodef-layout--default  qodef--retina\">\n\t\t\t<div class=\"qodef-m-image\">\n\t\t\t\t\t\t\t\t\t\t\t\t\t\t<img decoding=\"async\" itemprop=\"image\" src=\"https:\/\/rsq.marketing\/wp-content\/uploads\/2023\/04\/contact-us-arrow.png\" width=\"94\" height=\"37\" alt=\"\" \/>\n\t\t\t\t\t\t\t\t\t\t\t\t\t<\/div>\n\t<\/div>\n\t\t\t\t<\/div>\n\t\t\t\t<\/div>\n\t\t\t\t\t<\/div>\n\t\t<\/div>\n\t\t\t\t<div class=\"has_eae_slider elementor-column elementor-col-50 elementor-top-column elementor-element elementor-element-ee21184\" data-id=\"ee21184\" data-element_type=\"column\">\n\t\t\t<div class=\"elementor-widget-wrap elementor-element-populated\">\n\t\t\t\t\t\t<section class=\"has_eae_slider elementor-section elementor-inner-section elementor-element elementor-element-21f9b0d elementor-section-full_width elementor-hidden-mobile elementor-section-height-default elementor-section-height-default qodef-custom-section--no qodef-sticky-section--no\" data-id=\"21f9b0d\" data-element_type=\"section\">\n\t\t\t\t\t\t<div class=\"elementor-container elementor-column-gap-no\">\n\t\t\t\t\t<div class=\"has_eae_slider elementor-column elementor-col-50 elementor-inner-column elementor-element elementor-element-c6f0b02\" data-id=\"c6f0b02\" data-element_type=\"column\">\n\t\t\t<div class=\"elementor-widget-wrap elementor-element-populated\">\n\t\t\t\t\t\t<div class=\"elementor-element elementor-element-165b30d elementor-widget elementor-widget-boogie_core_single_image\" data-id=\"165b30d\" data-element_type=\"widget\" data-widget_type=\"boogie_core_single_image.default\">\n\t\t\t\t<div class=\"elementor-widget-container\">\n\t\t\t\t\t<div class=\"qodef-shortcode qodef-m  qodef-single-image qodef-layout--default  \">\n\t\t\t<div class=\"qodef-m-image\">\n\t\t\t\t\t\t\t\t<img fetchpriority=\"high\" decoding=\"async\" width=\"800\" height=\"1203\" src=\"https:\/\/rsq.marketing\/wp-content\/uploads\/2023\/04\/contact-us-img-1.jpg\" class=\"attachment-full size-full\" alt=\"w\" srcset=\"https:\/\/rsq.marketing\/wp-content\/uploads\/2023\/04\/contact-us-img-1.jpg 800w, https:\/\/rsq.marketing\/wp-content\/uploads\/2023\/04\/contact-us-img-1-200x300.jpg 200w, https:\/\/rsq.marketing\/wp-content\/uploads\/2023\/04\/contact-us-img-1-681x1024.jpg 681w, https:\/\/rsq.marketing\/wp-content\/uploads\/2023\/04\/contact-us-img-1-768x1155.jpg 768w\" sizes=\"(max-width: 800px) 100vw, 800px\" \/>\t\t\t\t\t\t\t<\/div>\n\t<\/div>\n\t\t\t\t<\/div>\n\t\t\t\t<\/div>\n\t\t\t\t\t<\/div>\n\t\t<\/div>\n\t\t\t\t<div class=\"has_eae_slider elementor-column elementor-col-50 elementor-inner-column elementor-element elementor-element-acc557e\" data-id=\"acc557e\" data-element_type=\"column\">\n\t\t\t<div class=\"elementor-widget-wrap elementor-element-populated\">\n\t\t\t\t\t\t<div class=\"elementor-element elementor-element-31716ab elementor-widget elementor-widget-boogie_core_single_image\" data-id=\"31716ab\" data-element_type=\"widget\" data-widget_type=\"boogie_core_single_image.default\">\n\t\t\t\t<div class=\"elementor-widget-container\">\n\t\t\t\t\t<div class=\"qodef-shortcode qodef-m  qodef-single-image qodef-layout--default  \">\n\t\t\t<div class=\"qodef-m-image\">\n\t\t\t\t\t\t\t\t<img decoding=\"async\" width=\"800\" height=\"1203\" src=\"https:\/\/rsq.marketing\/wp-content\/uploads\/2023\/04\/contact-us-img-2.jpg\" class=\"attachment-full size-full\" alt=\"w\" srcset=\"https:\/\/rsq.marketing\/wp-content\/uploads\/2023\/04\/contact-us-img-2.jpg 800w, https:\/\/rsq.marketing\/wp-content\/uploads\/2023\/04\/contact-us-img-2-200x300.jpg 200w, https:\/\/rsq.marketing\/wp-content\/uploads\/2023\/04\/contact-us-img-2-681x1024.jpg 681w, https:\/\/rsq.marketing\/wp-content\/uploads\/2023\/04\/contact-us-img-2-768x1155.jpg 768w\" sizes=\"(max-width: 800px) 100vw, 800px\" \/>\t\t\t\t\t\t\t<\/div>\n\t<\/div>\n\t\t\t\t<\/div>\n\t\t\t\t<\/div>\n\t\t\t\t\t<\/div>\n\t\t<\/div>\n\t\t\t\t\t<\/div>\n\t\t<\/section>\n\t\t\t\t\t<\/div>\n\t\t<\/div>\n\t\t\t\t\t<\/div>\n\t\t<\/section>\n\t\t\t\t<div class=\"has_eae_slider elementor-section elementor-top-section elementor-element elementor-element-4787de7 elementor-section-full_width elementor-section-height-default elementor-section-height-default qodef-custom-section--no qodef-sticky-section--no\" data-id=\"4787de7\" data-element_type=\"section\">\n\t\t\t\t\t\t<div class=\"elementor-container elementor-column-gap-default\">\n\t\t\t\t\t<div class=\"has_eae_slider elementor-column elementor-col-100 elementor-top-column elementor-element elementor-element-17e339a\" data-id=\"17e339a\" data-element_type=\"column\" data-settings=\"{&quot;background_background&quot;:&quot;classic&quot;}\">\n\t\t\t<div class=\"elementor-widget-wrap elementor-element-populated\">\n\t\t\t\t\t\t<div class=\"elementor-element elementor-element-3f85866 elementor-widget__width-initial elementor-widget elementor-widget-qi_addons_for_elementor_section_title\" data-id=\"3f85866\" data-element_type=\"widget\" data-widget_type=\"qi_addons_for_elementor_section_title.default\">\n\t\t\t\t<div class=\"elementor-widget-container\">\n\t\t\t\t\t<div class=\"qodef-shortcode qodef-m  qodef-qi-section-title  qodef-decoration--italic  qodef-link--underline-draw qodef-subtitle-icon--left\">\n\t\t\t\t\t\t<h2 class=\"qodef-m-title\">\n\t\tCre\u0103m Succesul Afacerii Tale\t<\/h2>\n\t\t\t<div class=\"qodef-m-text\"><p><span style=\"font-weight: 400\">\u00ceMP\u0102RT\u0102\u0218E\u0218TE-\u021aI IDEILE, ASPIRA\u021aIILE \u0218I HAI S\u0102 CRE\u0102M \u00ceMPREUN\u0102 POVE\u0218TI CONVING\u0102TOARE <\/span><\/p><\/div>\n\t<\/div>\n\t\t\t\t<\/div>\n\t\t\t\t<\/div>\n\t\t\t\t<div class=\"elementor-element elementor-element-b814f25 elementor-widget__width-initial elementor-widget-tablet__width-initial elementor-widget elementor-widget-qi_addons_for_elementor_contact_form_7\" data-id=\"b814f25\" data-element_type=\"widget\" data-widget_type=\"qi_addons_for_elementor_contact_form_7.default\">\n\t\t\t\t<div class=\"elementor-widget-container\">\n\t\t\t\t\t<div class=\"qodef-shortcode qodef-m  qodef-qi-contact-form-7 \">\n\t\n<div class=\"wpcf7 no-js\" id=\"wpcf7-f8555-o1\" lang=\"en-US\" dir=\"ltr\">\n<div class=\"screen-reader-response\"><p role=\"status\" aria-live=\"polite\" aria-atomic=\"true\"><\/p> <ul><\/ul><\/div>\n<form action=\"\/ro\/wp-json\/wp\/v2\/pages\/4527#wpcf7-f8555-o1\" method=\"post\" class=\"wpcf7-form init\" aria-label=\"Contact form\" novalidate=\"novalidate\" data-status=\"init\">\n<div style=\"display: none;\">\n<input type=\"hidden\" name=\"_wpcf7\" value=\"8555\" \/>\n<input type=\"hidden\" name=\"_wpcf7_version\" value=\"5.9.3\" \/>\n<input type=\"hidden\" name=\"_wpcf7_locale\" value=\"en_US\" \/>\n<input type=\"hidden\" name=\"_wpcf7_unit_tag\" value=\"wpcf7-f8555-o1\" \/>\n<input type=\"hidden\" name=\"_wpcf7_container_post\" value=\"0\" \/>\n<input type=\"hidden\" name=\"_wpcf7_posted_data_hash\" value=\"\" \/>\n<input type=\"hidden\" name=\"_cf7a__timestamp\" value=\"YNbtrHYO04jeglNB2HWCIA==\" \/>\n<input type=\"hidden\" name=\"_cf7a_version\" value=\"1.0\" \/>\n<input type=\"hidden\" name=\"_cf7a_address\" value=\"\/r\/fE1Xajp4uzqJDBiP3gg==\" \/>\n<input type=\"hidden\" name=\"_cf7a_referer\" value=\"plAYqzi6Y3g310S0Znl\/Qw==\" \/>\n<input type=\"hidden\" name=\"_cf7a_protocol\" value=\"azlKfnJ6NeoPwYdKwHq8aA==\" \/>\n<input type=\"hidden\" name=\"_cf7a_bot_fingerprint\" value=\"YNbtrHYO04jeglNB2HWCIA==\" \/>\n<input type=\"hidden\" name=\"_cf7a_bot_fingerprint_extras\" value=\"\" \/>\n<input type=\"hidden\" name=\"_cf7a_append_on_submit\" value=\"\" \/>\n<\/div>\n<div style=\"display: flex\">\n<label style=\"flex: 1\"> <span class=\"wpcf7-form-control-wrap\" data-name=\"your-name\"><input type=\"text\" name=\"name\" value=\"\" autocomplete=\"fill\" class=\"fit-the-fullspace\" aria-hidden=\"true\" tabindex=\"-1\" \/><input size=\"40\" class=\"wpcf7-form-control wpcf7-text wpcf7-validates-as-required\" autocomplete=\"name\" aria-required=\"true\" aria-invalid=\"false\" placeholder=\"Nume\" value=\"\" type=\"text\" name=\"your-name\" \/><\/span> <\/label>\n\n<label style=\"flex: 1\"> <span class=\"wpcf7-form-control-wrap\" data-name=\"your-email\"><input size=\"40\" class=\"wpcf7-form-control wpcf7-email wpcf7-validates-as-required wpcf7-text wpcf7-validates-as-email\" autocomplete=\"email\" aria-required=\"true\" aria-invalid=\"false\" placeholder=\"Email\" value=\"\" type=\"email\" name=\"your-email\" \/><\/span> <\/label>\n<\/div>\n<label style=\"margin-bottom: 20px\"> <span class=\"wpcf7-form-control-wrap\" data-name=\"your-message\"><textarea cols=\"40\" rows=\"10\" class=\"wpcf7-form-control wpcf7-textarea\" aria-invalid=\"false\" placeholder=\"Mesaj\" name=\"your-message\"><\/textarea><\/span> <\/label>\n\n<button class=\"wpcf7-form-control wpcf7-submit qodef-button qodef-size--normal qodef-layout--filled qodef-m\" type=\"submit\"><span class=\"qodef-m-text\" data-title=\"\u00cencepe s\u0103 creezi\">\u00cencepe s\u0103 creezi<\/span><\/button><div class=\"wpcf7-response-output\" aria-hidden=\"true\"><\/div>\n<\/form>\n<\/div>\n<\/div>\n\t\t\t\t<\/div>\n\t\t\t\t<\/div>\n\t\t\t\t\t<\/div>\n\t\t<\/div>\n\t\t\t\t\t<\/div>\n\t\t<\/div>\n\t\t\t\t<\/div>\n\t\t","protected":false},"excerpt":{"rendered":"<p>Dezvolt\u0103m Branduri, Cre\u0103m Mo\u0219teniri Creativitatea f\u0103r\u0103 limite &#8211; esen\u021ba agen\u021biei noastre. transmite un mesaj Cre\u0103m Succesul Afacerii Tale \u00ceMP\u0102RT\u0102\u0218E\u0218TE-\u021aI IDEILE, ASPIRA\u021aIILE \u0218I HAI S\u0102 CRE\u0102M \u00ceMPREUN\u0102 POVE\u0218TI CONVING\u0102TOARE \u00cencepe s\u0103 creezi<\/p>\n","protected":false},"author":1,"featured_media":0,"parent":0,"menu_order":0,"comment_status":"closed","ping_status":"closed","template":"page-full-width.php","meta":{"footnotes":""},"class_list":["post-4527","page","type-page","status-publish","hentry"],"_links":{"self":[{"href":"https:\/\/rsq.marketing\/ro\/wp-json\/wp\/v2\/pages\/4527","targetHints":{"allow":["GET"]}}],"collection":[{"href":"https:\/\/rsq.marketing\/ro\/wp-json\/wp\/v2\/pages"}],"about":[{"href":"https:\/\/rsq.marketing\/ro\/wp-json\/wp\/v2\/types\/page"}],"author":[{"embeddable":true,"href":"https:\/\/rsq.marketing\/ro\/wp-json\/wp\/v2\/users\/1"}],"replies":[{"embeddable":true,"href":"https:\/\/rsq.marketing\/ro\/wp-json\/wp\/v2\/comments?post=4527"}],"version-history":[{"count":143,"href":"https:\/\/rsq.marketing\/ro\/wp-json\/wp\/v2\/pages\/4527\/revisions"}],"predecessor-version":[{"id":10318,"href":"https:\/\/rsq.marketing\/ro\/wp-json\/wp\/v2\/pages\/4527\/revisions\/10318"}],"wp:attachment":[{"href":"https:\/\/rsq.marketing\/ro\/wp-json\/wp\/v2\/media?parent=4527"}],"curies":[{"name":"wp","href":"https:\/\/api.w.org\/{rel}","templated":true}]}}